{"id":70915,"date":"2019-06-25T09:30:52","date_gmt":"2019-06-25T07:30:52","guid":{"rendered":"https:\/\/coursallemand.fr\/produit\/german-essay-examples\/"},"modified":"2023-11-03T17:33:20","modified_gmt":"2023-11-03T16:33:20","slug":"german-essay-examples","status":"publish","type":"product","link":"https:\/\/coursallemand.fr\/en\/product\/german-essay-examples\/","title":{"rendered":"Proofreading of your German essay by a German teacher"},"content":{"rendered":"<h2><span style=\"color: #ffffff;\">Exemple de r\u00e9daction en allemand corrig\u00e9<\/span><\/h2>\n<h2><span style=\"color: #ffffff;\"><img fetchpriority=\"high\" decoding=\"async\" class=\"size-full wp-image-58367 aligncenter\" src=\"https:\/\/coursallemand.fr\/wp-content\/uploads\/2021\/02\/Korrektur-des-Aufsatzes.jpg\" alt=\"Corriger votre r\u00e9daction allemande\" width=\"600\" height=\"338\" srcset=\"https:\/\/coursallemand.fr\/wp-content\/uploads\/2021\/02\/Korrektur-des-Aufsatzes.jpg 600w, https:\/\/coursallemand.fr\/wp-content\/uploads\/2021\/02\/Korrektur-des-Aufsatzes-300x169.jpg 300w, https:\/\/coursallemand.fr\/wp-content\/uploads\/2021\/02\/Korrektur-des-Aufsatzes-400x225.jpg 400w, https:\/\/coursallemand.fr\/wp-content\/uploads\/2021\/02\/Korrektur-des-Aufsatzes-20x11.jpg 20w\" sizes=\"(max-width: 600px) 100vw, 600px\" \/><\/span><\/h2>\n<h2><\/h2>\n<div>\n<h2><span style=\"color: #3366ff;\">Korrektur Ihres Aufsatzes von einem Deutschlehrer!<\/span><\/h2>\n<h2 style=\"text-align: center;\">Write a text on a given theme and have it corrected by a qualified German teacher<\/h2>\n<\/div>\n<h2><span style=\"color: #0000ff;\">Geeignet f\u00fcr Anf\u00e4nger und Fortgeschrittene, f\u00fcr jung und alt, f\u00fcr alle Stufen!<\/span><\/h2>\n<h3 style=\"text-align: center;\">Improve your writing skills in no time! Ideal for adults and children! For all levels from beginners to advanced.<\/h3>\n<div><\/div>\n<div>Are you having trouble getting started on your German essay in an exam situation? You don&#8217;t know how to get to the heart of the matter, how to describe a graph or statistics in German? <span style=\"color: #333399;\"><strong>Then you&#8217;ve come to the right place!<\/strong><\/span><\/div>\n<div>\n<div class=\"elementor-element elementor-element-7e8252b5 elementor-widget elementor-widget-heading\" data-id=\"7e8252b5\" data-element_type=\"widget\" data-widget_type=\"heading.default\">\n<div class=\"elementor-widget-container\">\n<h1 style=\"text-align: center;\"><span style=\"color: #0000ff;\">Alle Pr\u00fcfungsformate und alle Niveaus!\u00a0<\/span><\/h1>\n<h2 style=\"text-align: center;\"><span style=\"color: #0000ff;\">(A2, B1, B2, C1 und C2)<\/span><\/h2>\n<ul>\n<li><strong><span style=\"color: #0000ff;\">Goethe Zertifikat<\/span><\/strong><\/li>\n<li><strong><span style=\"color: #0000ff;\">TELC Deutsch <\/span><\/strong><\/li>\n<li><strong><span style=\"color: #0000ff;\">\u00a0Test DaF\u00a0<\/span><\/strong><\/li>\n<li>and many other &#8230;<\/li>\n<\/ul>\n<h3 class=\"elementor-heading-title elementor-size-default\">Describing a graph and expressing your point of views, making arguments<\/h3>\n<\/div>\n<\/div>\n<div class=\"elementor-element elementor-element-5eca5a09 elementor-widget elementor-widget-text-editor\" data-id=\"5eca5a09\" data-element_type=\"widget\" data-widget_type=\"text-editor.default\">\n<div class=\"elementor-widget-container\">\n<div class=\"elementor-text-editor elementor-clearfix\">\n<div>In the list on this page you will find documents based on real themes and topics that were presented at the exams. (<strong>Goethe Zertifikat, TELC, TestDaF<\/strong> etc.)<\/div>\n<\/div>\n<\/div>\n<\/div>\n<\/div>\n<div>\n<div><\/div>\n<div>\n<p>Don&#8217;t run out of words! Find out how to get to the point across <strong>easily and<\/strong> <strong>effortlessly<\/strong>, how to organize your text and structure your arguments in German, and how to link skillfully sentences and arguments. Your teacher&#8217;s comments will explain it to you in a clear and easy to understand language.<\/p>\n<p>What&#8217;s great, and much appreciated by my students, is that some of the essays also include useful alternative vocabulary and important phrases.<\/p>\n<\/div>\n<h2><span style=\"color: #0000ff;\">Aufsatzkorrekturen f\u00fcr meine Sch\u00fcler sind kostenfrei!<\/span><\/h2>\n<div><strong>Of course: The correction of an essay is free for my students!<\/strong><\/div>\n<\/div>\n<div>\n<h3>Essay correction<\/h3>\n<p>The most <strong>cost-effective<\/strong> alternative to avoid having to pay for an entire course.<\/p>\n<p>Simply send me your text.<\/p>\n<p>Your text should contain the following information:<\/p>\n<ol>\n<li style=\"list-style-type: none;\">\n<ol>\n<li><span style=\"color: #333399;\">Wie lautet das Thema? (Die vollst\u00e4ndige Aufgabenstellung!) \/ <span style=\"color: #339966;\"><em>What is the topic? (The complete formulation of the task, not just the title or heading!)<\/em><\/span><\/span><\/li>\n<li><span style=\"color: #333399;\">Welche Pr\u00fcfung? (Goethe Zertifikat, TELC Deutsch, TestDaF, &#8230;) \/ <span style=\"color: #339966;\"><em>Which German exam? (Goethe Certificate, TELC German, TestDaF, &#8230;)<\/em><\/span><\/span><\/li>\n<li><span style=\"color: #333399;\">welches Niveau? (B1, B2 oder C1) \/ <span style=\"color: #339966;\"><em>What level? (B1, B2 or C1)<\/em><\/span><\/span><\/li>\n<li><span style=\"color: #333399;\">Wie viel Zeit haben Sie f\u00fcr Ihren Aufsatz gebraucht? \/ <span style=\"color: #339966;\"><em>How much time did you need to write your essay?<\/em><\/span><\/span><\/li>\n<\/ol>\n<\/li>\n<\/ol>\n<\/div>\n<h3 style=\"padding-left: 40px;\"><span style=\"color: #ffffff;\">Correction de votre r\u00e9daction en allemand<\/span><\/h3>\n<p><strong>Tags in verschiedenen Sprachen:<\/strong> <span style=\"color: #993366;\">Correcci\u00f3n de su redacci\u00f3n por un profesor de alem\u00e1n. Haga corregir su redacci\u00f3n o carta por un profesor de alem\u00e1n con experiencia.<\/span> <span style=\"color: #993366;\">Ideal para preparar un examen escrito de alem\u00e1n. \u00a0<\/span>\/ Oprava eseje u\u010ditelem n\u011bm\u010diny. Nechte si opravit esej nebo dopis od zku\u0161en\u00e9ho u\u010ditele n\u011bm\u010diny. Ide\u00e1ln\u00ed pro p\u0159\u00edpravu na p\u00edsemnou zkou\u0161ku z n\u011bm\u010diny. \/ <span style=\"color: #666699;\">Correzione del vostro saggio da parte di un insegnante di tedesco. Fate correggere il vostro saggio o la vostra lettera da un insegnante di tedesco esperto. Ideale per prepararsi a un esame scritto di tedesco. \u00a0<\/span>\/ Korekta wypracowania przez nauczyciela j\u0119zyka niemieckiego. Poprawa wypracowania lub listu przez do\u015bwiadczonego nauczyciela j\u0119zyka niemieckiego. Idealny do przygotowania si\u0119 do pisemnego egzaminu z j\u0119zyka niemieckiego. \u00a0\/ <span style=\"color: #800000;\">\u041a\u043e\u0440\u0440\u0435\u043a\u0442\u0438\u0440\u043e\u0432\u043a\u0430 \u044d\u0441\u0441\u0435 \u043f\u0440\u0435\u043f\u043e\u0434\u0430\u0432\u0430\u0442\u0435\u043b\u0435\u043c \u043d\u0435\u043c\u0435\u0446\u043a\u043e\u0433\u043e \u044f\u0437\u044b\u043a\u0430. \u041f\u043e\u0440\u0443\u0447\u0438\u0442\u0435 \u0438\u0441\u043f\u0440\u0430\u0432\u043b\u0435\u043d\u0438\u0435 \u0432\u0430\u0448\u0435\u0433\u043e \u0441\u043e\u0447\u0438\u043d\u0435\u043d\u0438\u044f \u0438\u043b\u0438 \u043f\u0438\u0441\u044c\u043c\u0430 \u043e\u043f\u044b\u0442\u043d\u043e\u043c\u0443 \u043f\u0440\u0435\u043f\u043e\u0434\u0430\u0432\u0430\u0442\u0435\u043b\u044e \u043d\u0435\u043c\u0435\u0446\u043a\u043e\u0433\u043e \u044f\u0437\u044b\u043a\u0430. \u0418\u0434\u0435\u0430\u043b\u044c\u043d\u043e \u043f\u043e\u0434\u0445\u043e\u0434\u0438\u0442 \u0434\u043b\u044f \u043f\u043e\u0434\u0433\u043e\u0442\u043e\u0432\u043a\u0438 \u043a \u043f\u0438\u0441\u044c\u043c\u0435\u043d\u043d\u043e\u043c\u0443 \u044d\u043a\u0437\u0430\u043c\u0435\u043d\u0443 \u043f\u043e \u043d\u0435\u043c\u0435\u0446\u043a\u043e\u043c\u0443 \u044f\u0437\u044b\u043a\u0443.<\/span> \u00a0\/ \u041a\u043e\u0440\u0438\u0433\u0438\u0440\u0430\u043d\u0435 \u043d\u0430 \u0435\u0441\u0435\u0442\u043e \u0432\u0438 \u043e\u0442 \u0443\u0447\u0438\u0442\u0435\u043b \u043f\u043e \u043d\u0435\u043c\u0441\u043a\u0438 \u0435\u0437\u0438\u043a. \u0412\u044a\u0437\u043b\u043e\u0436\u0435\u0442\u0435 \u043f\u043e\u043f\u0440\u0430\u0432\u043a\u0430\u0442\u0430 \u043d\u0430 \u0435\u0441\u0435\u0442\u043e \u0438\u043b\u0438 \u043f\u0438\u0441\u043c\u043e\u0442\u043e \u0441\u0438 \u043d\u0430 \u043e\u043f\u0438\u0442\u0435\u043d \u0443\u0447\u0438\u0442\u0435\u043b \u043f\u043e \u043d\u0435\u043c\u0441\u043a\u0438 \u0435\u0437\u0438\u043a. \u0418\u0434\u0435\u0430\u043b\u043d\u043e \u0437\u0430 \u043f\u043e\u0434\u0433\u043e\u0442\u043e\u0432\u043a\u0430 \u0437\u0430 \u043f\u0438\u0441\u043c\u0435\u043d \u0438\u0437\u043f\u0438\u0442 \u043f\u043e \u043d\u0435\u043c\u0441\u043a\u0438 \u0435\u0437\u0438\u043a. \/ <span style=\"color: #99ccff;\">\u0394\u03b9\u03cc\u03c1\u03b8\u03c9\u03c3\u03b7 \u03c4\u03b7\u03c2 \u03ad\u03ba\u03b8\u03b5\u03c3\u03ae\u03c2 \u03c3\u03b1\u03c2 \u03b1\u03c0\u03cc \u03ba\u03b1\u03b8\u03b7\u03b3\u03b7\u03c4\u03ae \u0393\u03b5\u03c1\u03bc\u03b1\u03bd\u03b9\u03ba\u03ce\u03bd. \u0394\u03b9\u03bf\u03c1\u03b8\u03ce\u03c3\u03c4\u03b5 \u03c4\u03bf \u03b4\u03bf\u03ba\u03af\u03bc\u03b9\u03cc \u03c3\u03b1\u03c2 \u03ae \u03c4\u03b7\u03bd \u03b5\u03c0\u03b9\u03c3\u03c4\u03bf\u03bb\u03ae \u03c3\u03b1\u03c2 \u03b1\u03c0\u03cc \u03ad\u03bd\u03b1\u03bd \u03ad\u03bc\u03c0\u03b5\u03b9\u03c1\u03bf \u03ba\u03b1\u03b8\u03b7\u03b3\u03b7\u03c4\u03ae \u03b3\u03b5\u03c1\u03bc\u03b1\u03bd\u03b9\u03ba\u03ce\u03bd. \u0399\u03b4\u03b1\u03bd\u03b9\u03ba\u03cc \u03b3\u03b9\u03b1 \u03c4\u03b7\u03bd \u03c0\u03c1\u03bf\u03b5\u03c4\u03bf\u03b9\u03bc\u03b1\u03c3\u03af\u03b1 \u03b3\u03b9\u03b1 \u03b3\u03c1\u03b1\u03c0\u03c4\u03ad\u03c2 \u03b5\u03be\u03b5\u03c4\u03ac\u03c3\u03b5\u03b9\u03c2 \u0393\u03b5\u03c1\u03bc\u03b1\u03bd\u03b9\u03ba\u03ce\u03bd.<\/span> \u00a0\/ Kompozisyonunuzun bir Almanca \u00f6\u011fretmeni taraf\u0131ndan d\u00fczeltilmesi. Kompozisyonunuzun veya mektubunuzun deneyimli bir Almanca \u00f6\u011fretmeni taraf\u0131ndan d\u00fczeltilmesini sa\u011flay\u0131n. Yaz\u0131l\u0131 bir Almanca s\u0131nav\u0131na haz\u0131rlanmak i\u00e7in idealdir. \u00a0\/ <span style=\"color: #333300;\">Corectarea eseului dumneavoastr\u0103 de c\u0103tre un profesor de german\u0103. Solicita\u021bi corectarea eseului sau a scrisorii dumneavoastr\u0103 de c\u0103tre un profesor de german\u0103 cu experien\u021b\u0103. Ideal pentru preg\u0103tirea pentru un examen scris de german\u0103.<\/span> \u00a0\/ <span style=\"color: #808080;\">\u7531\u5fb7\u8bed\u6559\u5e08\u6279\u6539\u60a8\u7684\u8bba\u6587\u3002\u7531\u7ecf\u9a8c\u4e30\u5bcc\u7684\u5fb7\u8bed\u6559\u5e08\u6279\u6539\u60a8\u7684\u6587\u7ae0\u6216\u4fe1\u4ef6\u3002\u662f\u51c6\u5907\u5fb7\u8bed\u7b14\u8bd5\u7684\u7406\u60f3\u4e4b\u9009<\/span>\u3002<\/p>\n","protected":false},"excerpt":{"rendered":"<p>Faites corriger votre \u00a0r\u00e9daction en allemand par un professeur d&#8217;allemand. \u00c0 partir de seulement 10 \u20ac \/ page !<\/p>\n<p>Lassen Sie sich Ihren Aufsatz oder Ihr Schreiben korrigieren und konnotieren. Nur 10 \u20ac pro Seite.<\/p>\n","protected":false},"featured_media":60800,"comment_status":"closed","ping_status":"closed","template":"","meta":{"_acf_changed":false},"product_brand":[],"product_cat":[1609],"product_tag":[1619,1615,1618,1617,1611,1614,1616,1610,1612,1613],"class_list":{"0":"post-70915","1":"product","2":"type-product","3":"status-publish","4":"has-post-thumbnail","6":"product_cat-exemples-de-redaction-en","7":"product_tag-aufsatzkorrektur-en","8":"product_tag-cours-dallemand-en","9":"product_tag-deutsch-aufsatz-korrigieren-lassen-en","10":"product_tag-deutschkurs-en","11":"product_tag-ecrire-en-allemand-avec-corrige-en","12":"product_tag-faire-corriger-sa-redaction-en","13":"product_tag-frank-moerschner-en","14":"product_tag-redaction-allemande-avec-corrige-en","15":"product_tag-redaction-en-allemand-college-en","16":"product_tag-redaction-en-allemand-test-en","18":"first","19":"instock","20":"sale","21":"sold-individually","22":"shipping-taxable","23":"purchasable","24":"product-type-variable"},"acf":[],"_links":{"self":[{"href":"https:\/\/coursallemand.fr\/en\/wp-json\/wp\/v2\/product\/70915","targetHints":{"allow":["GET"]}}],"collection":[{"href":"https:\/\/coursallemand.fr\/en\/wp-json\/wp\/v2\/product"}],"about":[{"href":"https:\/\/coursallemand.fr\/en\/wp-json\/wp\/v2\/types\/product"}],"replies":[{"embeddable":true,"href":"https:\/\/coursallemand.fr\/en\/wp-json\/wp\/v2\/comments?post=70915"}],"wp:featuredmedia":[{"embeddable":true,"href":"https:\/\/coursallemand.fr\/en\/wp-json\/wp\/v2\/media\/60800"}],"wp:attachment":[{"href":"https:\/\/coursallemand.fr\/en\/wp-json\/wp\/v2\/media?parent=70915"}],"wp:term":[{"taxonomy":"product_brand","embeddable":true,"href":"https:\/\/coursallemand.fr\/en\/wp-json\/wp\/v2\/product_brand?post=70915"},{"taxonomy":"product_cat","embeddable":true,"href":"https:\/\/coursallemand.fr\/en\/wp-json\/wp\/v2\/product_cat?post=70915"},{"taxonomy":"product_tag","embeddable":true,"href":"https:\/\/coursallemand.fr\/en\/wp-json\/wp\/v2\/product_tag?post=70915"}],"curies":[{"name":"wp","href":"https:\/\/api.w.org\/{rel}","templated":true}]}}