{"id":63519,"date":"2021-11-12T10:28:58","date_gmt":"2021-11-12T09:28:58","guid":{"rendered":"https:\/\/coursallemand.fr\/produit\/have-my-german-essay-corrected\/"},"modified":"2023-11-03T18:32:11","modified_gmt":"2023-11-03T17:32:11","slug":"have-my-german-essay-corrected","status":"publish","type":"product","link":"https:\/\/coursallemand.fr\/en\/product\/have-my-german-essay-corrected\/","title":{"rendered":"Have my German essay corrected"},"content":{"rendered":"<p><img fetchpriority=\"high\" decoding=\"async\" class=\"wp-image-60799 size-full\" src=\"https:\/\/coursallemand.fr\/wp-content\/uploads\/2021\/11\/Faire-corriger-ma-redaction-allemande.jpg\" alt=\"corrig\u00e9 de la r\u00e9daction allemande\" width=\"772\" height=\"420\" srcset=\"https:\/\/coursallemand.fr\/wp-content\/uploads\/2021\/11\/Faire-corriger-ma-redaction-allemande.jpg 772w, https:\/\/coursallemand.fr\/wp-content\/uploads\/2021\/11\/Faire-corriger-ma-redaction-allemande-600x326.jpg 600w, https:\/\/coursallemand.fr\/wp-content\/uploads\/2021\/11\/Faire-corriger-ma-redaction-allemande-300x163.jpg 300w, https:\/\/coursallemand.fr\/wp-content\/uploads\/2021\/11\/Faire-corriger-ma-redaction-allemande-768x418.jpg 768w, https:\/\/coursallemand.fr\/wp-content\/uploads\/2021\/11\/Faire-corriger-ma-redaction-allemande-400x218.jpg 400w\" sizes=\"(max-width: 772px) 100vw, 772px\" \/><\/p>\n<h2 style=\"text-align: center;\">Ich lasse meinen Aufsatz korrigieren<\/h2>\n<p>Hier k\u00f6nnen Sie Ihre schriftlichen Aufs\u00e4tze f\u00fcr Ihre Pr\u00fcfungsvorbereitung von mir korrigieren, bewerten und kommentieren lassen. \/ <span style=\"color: #333399;\"><em>Here you can have me correct, evaluate and comment on your written essays for your exam preparation.<\/em><\/span><\/p>\n<p>Die kosteng\u00fcnstigste Alternative, um nicht einen ganzen Kurs daf\u00fcr bezahlen zu m\u00fcssen. \/ <span style=\"color: #333399;\"><em>The most cost-effective alternative to avoid having to pay for an entire course.<\/em><\/span><\/p>\n<p>Senden Sie dazu einfach Ihren Text per Mail. \/ <span style=\"color: #333399;\"><em>Simply send us your text by e-mail<\/em><em>.<\/em><\/span><\/p>\n<p>Ihr Text sollte folgende Informationen enthalten: \/ <em><span style=\"color: #333399;\">Your text should contain the following information:<\/span><\/em><\/p>\n<ol>\n<li>Welches \u00a0Thema? (Vollst\u00e4ndige Aufgabenstellung!) \/ <span style=\"color: #333399;\"><em>Which topic? (Complete description of the task!)<\/em><\/span><\/li>\n<li>Welche Pr\u00fcfung (Goethe Zertifkat, TELC Deutsch, TestDaF, &#8230;)? \/ <span style=\"color: #333399;\"><em>Which test?\u00a0<\/em><\/span><\/li>\n<li>Welches Niveau (B1, B2 oder C1)? \/ <span style=\"color: #333399;\"><em>Quel examen (Goethe Zertifkat, TELC Deutsch, TestDaF, &#8230;) ? \/ Which level (B1, B2 ou C1) ?<\/em><\/span><\/li>\n<li>Wie viel Zeit haben Sie f\u00fcr Ihren Aufsatz gebraucht? \/ <span style=\"color: #333399;\"><em>How much time did it take you to write your essay?<\/em><\/span><\/li>\n<\/ol>\n<p>&nbsp;<\/p>\n<p>&nbsp;<\/p>\n","protected":false},"excerpt":{"rendered":"<p>Your German essay or homework will be corrected by a qualified German teacher!<\/p>\n","protected":false},"featured_media":60800,"comment_status":"closed","ping_status":"closed","template":"","meta":{"_acf_changed":false},"product_brand":[],"product_cat":[1397],"product_tag":[1400,1402,1398,1399,1401,1403],"class_list":{"0":"post-63519","1":"product","2":"type-product","3":"status-publish","4":"has-post-thumbnail","6":"product_cat-correct-my-german-essay","7":"product_tag-correct-my-german-homework","8":"product_tag-correction-of-my-homework-written-in-german","9":"product_tag-german-writing","10":"product_tag-goethe-zertifikat-written-exam","11":"product_tag-have-my-german-homework-corrected","12":"product_tag-written-part-of-telc-deutsch","14":"first","15":"instock","16":"sale","17":"shipping-taxable","18":"purchasable","19":"product-type-simple"},"acf":[],"_links":{"self":[{"href":"https:\/\/coursallemand.fr\/en\/wp-json\/wp\/v2\/product\/63519","targetHints":{"allow":["GET"]}}],"collection":[{"href":"https:\/\/coursallemand.fr\/en\/wp-json\/wp\/v2\/product"}],"about":[{"href":"https:\/\/coursallemand.fr\/en\/wp-json\/wp\/v2\/types\/product"}],"replies":[{"embeddable":true,"href":"https:\/\/coursallemand.fr\/en\/wp-json\/wp\/v2\/comments?post=63519"}],"wp:featuredmedia":[{"embeddable":true,"href":"https:\/\/coursallemand.fr\/en\/wp-json\/wp\/v2\/media\/60800"}],"wp:attachment":[{"href":"https:\/\/coursallemand.fr\/en\/wp-json\/wp\/v2\/media?parent=63519"}],"wp:term":[{"taxonomy":"product_brand","embeddable":true,"href":"https:\/\/coursallemand.fr\/en\/wp-json\/wp\/v2\/product_brand?post=63519"},{"taxonomy":"product_cat","embeddable":true,"href":"https:\/\/coursallemand.fr\/en\/wp-json\/wp\/v2\/product_cat?post=63519"},{"taxonomy":"product_tag","embeddable":true,"href":"https:\/\/coursallemand.fr\/en\/wp-json\/wp\/v2\/product_tag?post=63519"}],"curies":[{"name":"wp","href":"https:\/\/api.w.org\/{rel}","templated":true}]}}