{"id":63499,"date":"2019-06-25T09:07:55","date_gmt":"2019-06-25T07:07:55","guid":{"rendered":"https:\/\/coursallemand.fr\/produit\/german-individual-courses\/"},"modified":"2023-10-01T00:00:55","modified_gmt":"2023-09-30T22:00:55","slug":"german-individual-courses","status":"publish","type":"product","link":"https:\/\/coursallemand.fr\/en\/product\/german-individual-courses\/","title":{"rendered":"German individual courses"},"content":{"rendered":"<h6><span style=\"color: #ffffff;\">Cours d&#8217;allemand individue<\/span><\/h6>\n<div class=\"elementor-element elementor-element-91ebef0 elementor-position-left elementor-view-default elementor-vertical-align-top elementor-widget elementor-widget-icon-box\" data-id=\"91ebef0\" data-element_type=\"widget\" data-widget_type=\"icon-box.default\">\n<div class=\"elementor-widget-container\">\n<div class=\"elementor-icon-box-wrapper\">\n<div class=\"elementor-icon-box-content\">\n<h2 style=\"text-align: center;\"><span style=\"color: #993300;\"><em>DISCOUNT up to 30 %<\/em>\u00a0<\/span><\/h2>\n<p><strong>GENERAL GERMAN COURSE<\/strong><\/p>\n<p><strong>Individual German Course:<\/strong> The classic course contains all aspects of the German language: grammar, spelling, pronunciation, oral and written exercises, conversation, all accompanied by a manual giving the structure and allowing the monitoring of the progress of the course) ideal for beginners or &#8220;false beginners<\/p>\n<\/div>\n<\/div>\n<\/div>\n<\/div>\n<div class=\"elementor-element elementor-element-b0be8ab elementor-position-left elementor-view-default elementor-vertical-align-top elementor-widget elementor-widget-icon-box\" data-id=\"b0be8ab\" data-element_type=\"widget\" data-widget_type=\"icon-box.default\">\n<div class=\"elementor-widget-container\">\n<div class=\"elementor-icon-box-wrapper\">\n<div class=\"elementor-icon-box-icon\"><\/div>\n<div class=\"elementor-icon-box-content\">\n<p><strong>CONVERSATION COURSE<\/strong><\/p>\n<p>These German lessons focuse on the spoken language and is therefore often more affordable for smaller budgets, but very effective if conversation has a higher priority in the immediate future for professional reasons (joining a German team&#8230;) or other reasons. This formula is especially suitable for learners with at least an advanced intermediate level (<strong>B2.1\u00a0\u00a0or higher)<\/strong>.<\/p>\n<p><strong>PREPARATION OF A CERTIFICATE<\/strong><\/p>\n<p><strong>Individual German courses:<\/strong> German courses for exam preparation: Goethe Zertifikat B1 &#8211; C1 TestDaF B2 and C1: Deutsch als Fremdsprache f\u00fcr das Studium in Deutschland TELC Deutsch (The European Language Certificates) B1-C2 DSH (Deutsche Sprachpr\u00fcfung f\u00fcr den Hochschulzugang)<\/p>\n<p><strong>GERMAN FOR PROFESSIONALS<\/strong><\/p>\n<p>Individual course: German for professional purposes: Preparation for a job interview held in German or which requires knowledge of German. Course with professional coaching. You will be introduced to business German, administrative German or legal German. WiDaF: Preparation for the WiDaF (Wirtschaftsdeutsch als Fremdsprache) Goethe-Test PRO exam (specialized test for the professional environment (management, commerce, secretarial work, office work, German business correspondence&#8230;, especially recognized by companies).<\/p>\n<\/div>\n<\/div>\n<\/div>\n<\/div>\n<div class=\"elementor-element elementor-element-4be7517 elementor-position-left elementor-view-default elementor-vertical-align-top elementor-widget elementor-widget-icon-box\" data-id=\"4be7517\" data-element_type=\"widget\" data-widget_type=\"icon-box.default\">\n<div class=\"elementor-widget-container\">\n<div class=\"elementor-icon-box-wrapper\">\n<div class=\"elementor-icon-box-content\">\n<p><strong>Referrals pay off:<\/strong><\/p>\n<p>If you have successfully recommended someone else to take lessons with me, you will receive a 20% discount on your chosen package!<strong> Please note:<\/strong> This discount will not be a refund, but a deduction from the amount you will \u00a0pay for the course of your choice.<\/p>\n<p><strong>How best to contact me<\/strong><\/p>\n<p><strong>Since I am often in class, it is best to contact me by email. The\u00a0telephone\u00a0is often witched off during the day.\u00a0<\/strong><\/p>\n<p><strong>Payment methods and payment plans<\/strong><\/p>\n<p>Is your total amount 600 Euro or above an installment plan is available free of interest rates.<\/p>\n<\/div>\n<\/div>\n<\/div>\n<\/div>\n<p>&nbsp;<\/p>\n<div class=\"elementor-element elementor-element-4be7517 elementor-position-left elementor-view-default elementor-vertical-align-top elementor-widget elementor-widget-icon-box\" data-id=\"4be7517\" data-element_type=\"widget\" data-widget_type=\"icon-box.default\">\n<div class=\"elementor-widget-container\">\n<div class=\"elementor-icon-box-wrapper\">\n<figure id=\"attachment_63301\" aria-describedby=\"caption-attachment-63301\" style=\"width: 846px\" class=\"wp-caption alignnone\"><img fetchpriority=\"high\" decoding=\"async\" class=\"wp-image-63301 size-full\" src=\"https:\/\/coursallemand.fr\/wp-content\/uploads\/2019\/06\/Tarife-Standard-Studenten-und-Promo-2.png\" alt=\"\" width=\"846\" height=\"807\" srcset=\"https:\/\/coursallemand.fr\/wp-content\/uploads\/2019\/06\/Tarife-Standard-Studenten-und-Promo-2.png 846w, https:\/\/coursallemand.fr\/wp-content\/uploads\/2019\/06\/Tarife-Standard-Studenten-und-Promo-2-600x572.png 600w, https:\/\/coursallemand.fr\/wp-content\/uploads\/2019\/06\/Tarife-Standard-Studenten-und-Promo-2-300x286.png 300w, https:\/\/coursallemand.fr\/wp-content\/uploads\/2019\/06\/Tarife-Standard-Studenten-und-Promo-2-768x733.png 768w\" sizes=\"(max-width: 846px) 100vw, 846px\" \/><figcaption id=\"caption-attachment-63301\" class=\"wp-caption-text\">Tarifs standard et r\u00e9duits pour les \u00e9tudiants, les jeunes entre lyc\u00e9e et les \u00e9tudes, les \u00e9coliers, les rechercheurs d&#8217;emploi<\/figcaption><\/figure>\n<\/div>\n<p><img decoding=\"async\" class=\"alignnone wp-image-63261 size-full\" src=\"https:\/\/coursallemand.fr\/wp-content\/uploads\/2019\/06\/Conditions-paiement-Coursallemand.fr_.png\" alt=\"\" width=\"1231\" height=\"522\" \/><\/p>\n<\/div>\n<p><strong>Tarifs pour les cours d&#8217;allemand Coursallemand.fr en Format PDF: <a href=\"https:\/\/coursallemand.fr\/wp-content\/uploads\/2019\/06\/Tarife-Coursallemand-1.pdf\">Tarife Coursallemand<\/a><\/strong><\/p>\n<\/div>\n","protected":false},"excerpt":{"rendered":"<p><strong>You can book between 10 and 60 hours of lessons, the prices are degressive according to the number of hours.<\/strong><\/p>\n<p><strong><span style=\"color: #ff6600;\">Units purchased today are transferable at the beginning of the school year and are valid for one year!\u00a0 <\/span><\/strong><\/p>\n<p><strong>There are two price categories:<\/strong><\/p>\n<ul>\n<li><strong>Standard:<\/strong> adults in profession or looking for a job Attention:Coursallemand.fr does not currently offer CPF!<\/li>\n<li><strong>Student<\/strong> <strong>(and tutoring for pupils):<\/strong> for students studying or at a higher level (TOEIC preparation, diplomas&#8230;); tutoring for children in middle or high school. Young people just finished with school and planning to go to a university needing a German Certificate.<\/li>\n<li><\/li>\n<\/ul>\n","protected":false},"featured_media":8794,"comment_status":"closed","ping_status":"closed","template":"","meta":{"_acf_changed":false},"product_brand":[],"product_cat":[1396],"product_tag":[],"class_list":{"0":"post-63499","1":"product","2":"type-product","3":"status-publish","4":"has-post-thumbnail","6":"product_cat-individual-german-lessons","8":"first","9":"instock","10":"sale","11":"shipping-taxable","12":"purchasable","13":"product-type-variable"},"acf":[],"_links":{"self":[{"href":"https:\/\/coursallemand.fr\/en\/wp-json\/wp\/v2\/product\/63499","targetHints":{"allow":["GET"]}}],"collection":[{"href":"https:\/\/coursallemand.fr\/en\/wp-json\/wp\/v2\/product"}],"about":[{"href":"https:\/\/coursallemand.fr\/en\/wp-json\/wp\/v2\/types\/product"}],"replies":[{"embeddable":true,"href":"https:\/\/coursallemand.fr\/en\/wp-json\/wp\/v2\/comments?post=63499"}],"wp:featuredmedia":[{"embeddable":true,"href":"https:\/\/coursallemand.fr\/en\/wp-json\/wp\/v2\/media\/8794"}],"wp:attachment":[{"href":"https:\/\/coursallemand.fr\/en\/wp-json\/wp\/v2\/media?parent=63499"}],"wp:term":[{"taxonomy":"product_brand","embeddable":true,"href":"https:\/\/coursallemand.fr\/en\/wp-json\/wp\/v2\/product_brand?post=63499"},{"taxonomy":"product_cat","embeddable":true,"href":"https:\/\/coursallemand.fr\/en\/wp-json\/wp\/v2\/product_cat?post=63499"},{"taxonomy":"product_tag","embeddable":true,"href":"https:\/\/coursallemand.fr\/en\/wp-json\/wp\/v2\/product_tag?post=63499"}],"curies":[{"name":"wp","href":"https:\/\/api.w.org\/{rel}","templated":true}]}}